{"id":184,"date":"2018-01-17T15:06:37","date_gmt":"2018-01-17T15:06:37","guid":{"rendered":"http:\/\/99hairsaloon.com\/vi\/?page_id=184"},"modified":"2018-03-29T12:35:34","modified_gmt":"2018-03-29T05:35:34","slug":"tuyen-dung","status":"publish","type":"page","link":"https:\/\/99hairsaloon.com\/vi\/tuyen-dung\/","title":{"rendered":"Tuy\u1ec3n D\u1ee5ng"},"content":{"rendered":"<p>Hair Saloon 99 m\u1edf ra c\u01a1 h\u1ed9i ngh\u1ec1 nghi\u1ec7p cho b\u1ea1n. B\u1ea1n c\u1ea7n h\u1ecdc m\u1ed9t ngh\u1ec1, v\u1eeba t\u1ea1o c\u01a1 h\u1ed9i cho b\u1ea3n th\u00e2n, v\u1eeba \u0111\u1ee7 \u0111\u1ec3 ph\u1ee5 gi\u00fap gia \u0111\u00ecnh. \u0110\u1ebfn v\u1edbi\u00a0Hair Saloon 99 ch\u00fang t\u00f4i lu\u00f4n s\u1eb5n s\u00e0ng \u0111\u00e0o t\u1ea1o v\u00e0 gi\u00fap \u0111\u1ee1 b\u1ea1n.<\/p>\n<ul>\n<li>Tuy\u1ec3n th\u1ee3 ph\u1ee5:<\/li>\n<\/ul>\n<p>Nh\u1eadn h\u01b0\u1edbng d\u1eabn th\u1ee3 t\u1eeb l\u00fac ch\u01b0a c\u00f3 kinh nghi\u1ec7m.<\/p>\n<p>L\u01b0\u01a1ng c\u01a1 b\u1ea3n.<\/p>\n<p>Ph\u1ee5 c\u1ea5p \u0103n u\u1ed1ng.<\/p>\n<p>Ph\u1ea7n tr\u0103m hoa h\u1ed3ng v\u00e0 ti\u1ec1n tip \u0111\u01b0\u1ee3c chia \u0111\u1ec1u cho c\u00e1c th\u1ee3.<\/p>\n<p>\u0110\u1ebfn v\u1edbi Hair Saloon 99 ch\u00fang t\u00f4i s\u1ebd gi\u00fap b\u1ea1n tr\u1edf th\u00e0nh 1 nh\u00e0 l\u00e0m t\u00f3c chuy\u00ean nghi\u1ec7p.<\/p>\n","protected":false},"excerpt":{"rendered":"<p>Hair Saloon 99 m\u1edf ra c\u01a1 h\u1ed9i ngh\u1ec1 nghi\u1ec7p cho b\u1ea1n. B\u1ea1n c\u1ea7n h\u1ecdc m\u1ed9t ngh\u1ec1, v\u1eeba t\u1ea1o c\u01a1 h\u1ed9i cho b\u1ea3n th\u00e2n, v\u1eeba \u0111\u1ee7 \u0111\u1ec3 ph\u1ee5 gi\u00fap gia \u0111\u00ecnh. \u0110\u1ebfn v\u1edbi\u00a0Hair Saloon 99 ch\u00fang t\u00f4i lu\u00f4n s\u1eb5n s\u00e0ng \u0111\u00e0o <a class=\"more-link\" href=\"https:\/\/99hairsaloon.com\/vi\/tuyen-dung\/\">Read more &#8230;<\/a><\/p>\n","protected":false},"author":1,"featured_media":0,"parent":0,"menu_order":0,"comment_status":"closed","ping_status":"closed","template":"","meta":{"footnotes":""},"_links":{"self":[{"href":"https:\/\/99hairsaloon.com\/vi\/wp-json\/wp\/v2\/pages\/184"}],"collection":[{"href":"https:\/\/99hairsaloon.com\/vi\/wp-json\/wp\/v2\/pages"}],"about":[{"href":"https:\/\/99hairsaloon.com\/vi\/wp-json\/wp\/v2\/types\/page"}],"author":[{"embeddable":true,"href":"https:\/\/99hairsaloon.com\/vi\/wp-json\/wp\/v2\/users\/1"}],"replies":[{"embeddable":true,"href":"https:\/\/99hairsaloon.com\/vi\/wp-json\/wp\/v2\/comments?post=184"}],"version-history":[{"count":3,"href":"https:\/\/99hairsaloon.com\/vi\/wp-json\/wp\/v2\/pages\/184\/revisions"}],"predecessor-version":[{"id":281,"href":"https:\/\/99hairsaloon.com\/vi\/wp-json\/wp\/v2\/pages\/184\/revisions\/281"}],"wp:attachment":[{"href":"https:\/\/99hairsaloon.com\/vi\/wp-json\/wp\/v2\/media?parent=184"}],"curies":[{"name":"wp","href":"https:\/\/api.w.org\/{rel}","templated":true}]}}