{"id":172,"date":"2018-01-17T15:01:04","date_gmt":"2018-01-17T15:01:04","guid":{"rendered":"http:\/\/99hairsaloon.com\/vi\/?page_id=172"},"modified":"2018-04-02T12:43:01","modified_gmt":"2018-04-02T05:43:01","slug":"about-us","status":"publish","type":"page","link":"https:\/\/99hairsaloon.com\/vi\/about-us\/","title":{"rendered":"V\u1ec1 Ch\u00fang T\u00f4i"},"content":{"rendered":"<p>Ph\u01b0\u01a1ng ch\u00e2m ph\u1ee5c v\u1ee5 c\u1ee7a Hair Saloon 99 &#8211; Vi\u1ec7n ch\u0103m s\u00f3c t\u00f3c chuy\u00ean nghi\u1ec7p \u0111\u1ebfn t\u1eeb Singapore l\u00e0 c\u00f9ng b\u1ea1n xin \u0111\u1eb9p v\u00e0 t\u1ef1 tin h\u01a1n. V\u1edbi h\u01a1n 10 n\u0103m c\u00f3 m\u1eb7t t\u1ea1i Vi\u1ec7t Nam, Hair Saloon 99 \u0111\u00e3 tr\u1edf th\u00e0nh th\u01b0\u01a1ng hi\u1ec7u l\u00e0m \u0111\u1eb9p \u0111\u01b0\u1ee3c kh\u00e1ch h\u00e0ng tin y\u00eau. Do \u0111\u00f3, ch\u00fang t\u00f4i \u0111\u00e3 v\u00e0 \u0111ang t\u1eebng ng\u00e0y ph\u00e1t tri\u1ec3n nh\u1eb1m \u0111em l\u1ea1i s\u1ef1 h\u00e0i l\u00f2ng b\u1eadt nh\u1ea5t cho qu\u00fd kh\u00e1ch.<\/p>\n<ul>\n<li>\u0110\u1ed9i ng\u0169 ngh\u1ec7 nh\u00e2n &#8211; k\u0129 thu\u1eadt vi\u00ean \u0111\u01b0\u1ee3c \u0111\u00e0o t\u1ea1o b\u00e0i b\u1ea3n v\u00e0 chuy\u00ean nghi\u1ec7p v\u1edbi nhi\u1ec1u c\u1ea5p \u0111\u1ed9, th\u00edch h\u1ee3p v\u1edbi m\u1ecdi gi\u1edbi t\u00ednh v\u00e0 m\u1ecdi \u0111\u1ed9 tu\u1ed5i.<\/li>\n<li>Tinh th\u1ea7n y\u00eau ngh\u1ec1, ham h\u1ecdc h\u1ecfi, lu\u00f4n c\u1eadp nh\u1eadt xu h\u01b0\u1edbng m\u1edbi, linh ho\u1ea1t trong vi\u1ec7c thay \u0111\u1ed5i \u0111\u1ec3 th\u00edch h\u1ee3p v\u1edbi ng\u01b0\u1eddi Vi\u1ec7t.<\/li>\n<li>Trang thi\u1ebft b\u1ecb hi\u1ec7n \u0111\u1ea1i v\u1edbi c\u00f4ng ngh\u1ec7 ti\u00ean ti\u1ebfn nh\u1ea5t, lu\u00f4n s\u1eb5n s\u00e0ng ph\u1ee5c v\u1ee5 kh\u00e1ch h\u00e0ng.<\/li>\n<li>S\u1eed d\u1ee5ng c\u00e1c s\u1ea3n ph\u1ea9m ch\u0103m s\u00f3c, l\u00e0m \u0111\u1eb9p cao c\u1ea5p v\u00e0 \u0111\u1ea3m b\u1ea3o an to\u00e0n s\u1ee9c kh\u1ecfe.<\/li>\n<li>Nh\u00e2n vi\u00ean t\u01b0 v\u1ea5n t\u1eadn t\u00ecnh, mi\u1ec5n ph\u00ed c\u1ea3 online v\u00e0 offline<\/li>\n<\/ul>\n<p>Hair Saloon 99 l\u00e0 s\u1ef1 l\u1ef1a ch\u1ecdn ho\u00e0n h\u1ea3o cho nhu c\u1ea7u l\u00e0m \u0111\u1eb9p c\u1ee7a b\u1ea1n. Ch\u00fang t\u00f4i mang s\u1ee9 m\u1ec7nh ho\u00e0n th\u00e0nh v\u1ebb \u0111\u1eb9p c\u1ee7a b\u1ea1n, gi\u00fap b\u1ea1n t\u1ef1 tin, n\u1ed5i b\u1eadt v\u00e0 h\u1ea1nh ph\u00fac v\u00ec di\u1ec7n m\u1ea1o c\u1ee7a m\u00ecnh. H\u01b0\u1edbng \u0111\u1ebfn n\u00e9t \u0111\u1eb9p \u0111\u1ec9nh cao t\u1eeb ch\u00ednh t\u00e2m h\u1ed3n b\u1ea1n.<\/p>\n","protected":false},"excerpt":{"rendered":"<p>Ph\u01b0\u01a1ng ch\u00e2m ph\u1ee5c v\u1ee5 c\u1ee7a Hair Saloon 99 &#8211; Vi\u1ec7n ch\u0103m s\u00f3c t\u00f3c chuy\u00ean nghi\u1ec7p \u0111\u1ebfn t\u1eeb Singapore l\u00e0 c\u00f9ng b\u1ea1n xin \u0111\u1eb9p v\u00e0 t\u1ef1 tin h\u01a1n. V\u1edbi h\u01a1n 10 n\u0103m c\u00f3 m\u1eb7t t\u1ea1i Vi\u1ec7t Nam, Hair Saloon 99 \u0111\u00e3 <a class=\"more-link\" href=\"https:\/\/99hairsaloon.com\/vi\/about-us\/\">Read more &#8230;<\/a><\/p>\n","protected":false},"author":1,"featured_media":0,"parent":0,"menu_order":0,"comment_status":"closed","ping_status":"closed","template":"","meta":{"footnotes":""},"_links":{"self":[{"href":"https:\/\/99hairsaloon.com\/vi\/wp-json\/wp\/v2\/pages\/172"}],"collection":[{"href":"https:\/\/99hairsaloon.com\/vi\/wp-json\/wp\/v2\/pages"}],"about":[{"href":"https:\/\/99hairsaloon.com\/vi\/wp-json\/wp\/v2\/types\/page"}],"author":[{"embeddable":true,"href":"https:\/\/99hairsaloon.com\/vi\/wp-json\/wp\/v2\/users\/1"}],"replies":[{"embeddable":true,"href":"https:\/\/99hairsaloon.com\/vi\/wp-json\/wp\/v2\/comments?post=172"}],"version-history":[{"count":5,"href":"https:\/\/99hairsaloon.com\/vi\/wp-json\/wp\/v2\/pages\/172\/revisions"}],"predecessor-version":[{"id":283,"href":"https:\/\/99hairsaloon.com\/vi\/wp-json\/wp\/v2\/pages\/172\/revisions\/283"}],"wp:attachment":[{"href":"https:\/\/99hairsaloon.com\/vi\/wp-json\/wp\/v2\/media?parent=172"}],"curies":[{"name":"wp","href":"https:\/\/api.w.org\/{rel}","templated":true}]}}